{"id":44,"date":"2026-01-16T13:18:02","date_gmt":"2026-01-16T13:18:02","guid":{"rendered":"http:\/\/peliyn.com\/?page_id=44"},"modified":"2026-01-16T13:45:47","modified_gmt":"2026-01-16T13:45:47","slug":"mon-histore","status":"publish","type":"page","link":"https:\/\/peliyn.com\/index.php\/mon-histore\/","title":{"rendered":"Mon Histoire"},"content":{"rendered":"\n<p><\/p>\n\n\n\n<div class=\"wp-block-columns is-layout-flex wp-container-core-columns-is-layout-28f84493 wp-block-columns-is-layout-flex\">\n<div class=\"wp-block-column is-layout-flow wp-block-column-is-layout-flow\" style=\"flex-basis:33.33%\">\n<figure class=\"wp-block-image size-large\"><img decoding=\"async\" src=\"https:\/\/static.wixstatic.com\/media\/898e85_bd362aa6b38846799ff327bf8ae049b4~mv2.jpg\/v1\/crop\/x_0,y_75,w_465,h_457\/fill\/w_234,h_230,al_c,q_80,usm_0.66_1.00_0.01,enc_avif,quality_auto\/marina-decomble_edited.jpg\" alt=\"\"\/><figcaption class=\"wp-element-caption\"><strong><mark style=\"background-color:rgba(0, 0, 0, 0)\" class=\"has-inline-color has-pink-color\">Marina Decomble<\/mark><\/strong><\/figcaption><\/figure>\n<\/div>\n\n\n\n<div class=\"wp-block-column is-layout-flow wp-block-column-is-layout-flow\" style=\"flex-basis:66.66%\">\n<p>J\u2019ai suivi le stage de perfectionnement professionnel pendant un mois au c\u0153ur de la jungle tha\u00ef au Sud de Chiang-Ma\u00ef en novembre 2024.&nbsp;<br>En 2025, j\u2019ai compl\u00e9t\u00e9 cet enseignement avec celui du massage lymphatique par Chlo\u00e9 Soulsun pour encore mieux drainer la lymphe et \u00e9vacuer les d\u00e9chets stock\u00e9s dans le corps.&nbsp;<\/p>\n\n\n\n<p>C\u2019est \u00e0 l\u2019\u00e9cole marseillaise de massage traditionnel tha\u00eflandais \u00ab Nuad Sen \u00bb que je me suis form\u00e9e depuis deux ans. Ma Maman \u00e9tant praticienne psychosensorielle, elle m\u2019a transmis l\u2019amour du soin et le don de soi par le massage.<\/p>\n\n\n\n<p>Ce massage s\u2019adresse \u00e0 tous. Adulte, adolescent ou enfant \u00e0 partir de 4 ans, je vous re\u00e7ois in English ou en Fran\u00e7ais.<\/p>\n<\/div>\n<\/div>\n\n\n\n<p><\/p>\n","protected":false},"excerpt":{"rendered":"<p>J\u2019ai suivi le stage de perfectionnement professionnel pendant un mois au c\u0153ur de la jungle&hellip;<\/p>\n","protected":false},"author":1,"featured_media":0,"parent":0,"menu_order":0,"comment_status":"closed","ping_status":"closed","template":"","meta":{"footnotes":""},"class_list":["post-44","page","type-page","status-publish","hentry"],"_links":{"self":[{"href":"https:\/\/peliyn.com\/index.php\/wp-json\/wp\/v2\/pages\/44","targetHints":{"allow":["GET"]}}],"collection":[{"href":"https:\/\/peliyn.com\/index.php\/wp-json\/wp\/v2\/pages"}],"about":[{"href":"https:\/\/peliyn.com\/index.php\/wp-json\/wp\/v2\/types\/page"}],"author":[{"embeddable":true,"href":"https:\/\/peliyn.com\/index.php\/wp-json\/wp\/v2\/users\/1"}],"replies":[{"embeddable":true,"href":"https:\/\/peliyn.com\/index.php\/wp-json\/wp\/v2\/comments?post=44"}],"version-history":[{"count":21,"href":"https:\/\/peliyn.com\/index.php\/wp-json\/wp\/v2\/pages\/44\/revisions"}],"predecessor-version":[{"id":85,"href":"https:\/\/peliyn.com\/index.php\/wp-json\/wp\/v2\/pages\/44\/revisions\/85"}],"wp:attachment":[{"href":"https:\/\/peliyn.com\/index.php\/wp-json\/wp\/v2\/media?parent=44"}],"curies":[{"name":"wp","href":"https:\/\/api.w.org\/{rel}","templated":true}]}}