{"id":7,"date":"2026-01-16T10:53:41","date_gmt":"2026-01-16T10:53:41","guid":{"rendered":"http:\/\/peliyn.com\/?page_id=7"},"modified":"2026-01-17T08:20:19","modified_gmt":"2026-01-17T08:20:19","slug":"home","status":"publish","type":"page","link":"https:\/\/peliyn.com\/","title":{"rendered":"Home"},"content":{"rendered":"\n<div class=\"wp-block-group is-layout-constrained wp-block-group-is-layout-constrained\" style=\"padding-top:var(--wp--preset--spacing--large);padding-bottom:var(--wp--preset--spacing--large)\">\n<h2 class=\"wp-block-heading has-text-align-center p-animation-moveUp\" style=\"letter-spacing:-0.03em;line-height:1.1;text-transform:none\"><strong>Experience se reconnecter votre corps et votre esprit<\/strong><\/h2>\n\n\n\n<p class=\"has-text-align-center p-animation-moveUp\">par massages thais, auto-massages.<\/p>\n\n\n\n<div class=\"wp-block-columns p-animation-text-moveUp is-layout-flex wp-container-core-columns-is-layout-d8a81c52 wp-block-columns-is-layout-flex\" style=\"margin-bottom:0;padding-top:var(--wp--preset--spacing--large);padding-right:0;padding-bottom:var(--wp--preset--spacing--large);padding-left:0\">\n<div class=\"wp-block-column is-layout-flow wp-block-column-is-layout-flow\">\n<div class=\"wp-block-columns is-layout-flex wp-container-core-columns-is-layout-28f84493 wp-block-columns-is-layout-flex\">\n<div class=\"wp-block-column is-layout-flow wp-block-column-is-layout-flow\">\n<figure class=\"wp-block-image size-large is-resized\"><img decoding=\"async\" src=\"https:\/\/static.wixstatic.com\/media\/898e85_35c2b3d9c4e24329924572dbbf86ce98~mv2.jpeg\/v1\/crop\/x_0,y_47,w_744,h_703\/fill\/w_402,h_380,al_c,q_80,usm_0.66_1.00_0.01,enc_avif,quality_auto\/massage.jpeg\" alt=\"\" style=\"width:463px;height:auto\"\/><\/figure>\n<\/div>\n<\/div>\n<\/div>\n\n\n\n<div class=\"wp-block-column is-vertically-aligned-center is-layout-flow wp-block-column-is-layout-flow\">\n<h3 class=\"wp-block-heading\" style=\"padding-bottom:var(--wp--preset--spacing--xx-small);letter-spacing:-0.02em;line-height:1.2\"><strong>Massage Tha\u00ef habill\u00e9<\/strong><\/h3>\n\n\n\n<p style=\"margin-bottom:var(--wp--preset--spacing--large)\">Le Massage Tha\u00ef habill\u00e9 marie pressions et \u00e9tirements. Il lib\u00e8re les tensions, retrouve la souplesse et harmonise le corps avec l\u2019esprit. Pour une revitalisation profonde par une d\u00e9tente en mouvement.<\/p>\n\n\n\n<div class=\"wp-block-buttons is-layout-flex wp-block-buttons-is-layout-flex\">\n<div class=\"wp-block-button p-btn-animation-border-move\"><a class=\"wp-block-button__link wp-element-button\" href=\"#\">Read More<\/a><\/div>\n<\/div>\n<\/div>\n<\/div>\n\n\n\n<div class=\"wp-block-columns is-swap-on-mobile p-animation-text-moveUp is-layout-flex wp-container-core-columns-is-layout-13455e4b wp-block-columns-is-layout-flex\" style=\"margin-bottom:var(--wp--preset--spacing--large)\">\n<div class=\"wp-block-column is-vertically-aligned-center is-layout-flow wp-block-column-is-layout-flow\">\n<h3 class=\"wp-block-heading\" style=\"padding-bottom:var(--wp--preset--spacing--xx-small);letter-spacing:-0.02em;line-height:1.2\"><strong>Drainage lymphatique<\/strong><\/h3>\n\n\n\n<p style=\"margin-bottom:var(--wp--preset--spacing--large)\">Un massage doux et rythm\u00e9 qui active la circulation de la lymphe. Il aide \u00e0 \u00e9liminer les toxines, r\u00e9duit la r\u00e9tention d\u2019eau et soulage les sensations de jambes lourdes. Un soin drainant pour un bien-\u00eatre profond et une silhouette all\u00e9g\u00e9e.<\/p>\n\n\n\n<div class=\"wp-block-buttons is-layout-flex wp-block-buttons-is-layout-flex\">\n<div class=\"wp-block-button p-btn-animation-border-move\"><a class=\"wp-block-button__link wp-element-button\" href=\"#\">Read More<\/a><\/div>\n<\/div>\n<\/div>\n\n\n\n<div class=\"wp-block-column is-layout-flow wp-block-column-is-layout-flow\">\n<div class=\"wp-block-columns is-layout-flex wp-container-core-columns-is-layout-28f84493 wp-block-columns-is-layout-flex\">\n<div class=\"wp-block-column is-layout-flow wp-block-column-is-layout-flow\">\n<figure class=\"wp-block-image size-large\"><img decoding=\"async\" src=\"https:\/\/www.bluetree-massage.com\/wp-content\/uploads\/2021\/06\/systeme-lymphatique-1.gif\" alt=\"\"\/><\/figure>\n<\/div>\n<\/div>\n<\/div>\n<\/div>\n\n\n\n<div class=\"wp-block-columns p-animation-text-moveUp is-layout-flex wp-container-core-columns-is-layout-318252f0 wp-block-columns-is-layout-flex\">\n<div class=\"wp-block-column is-layout-flow wp-block-column-is-layout-flow\">\n<div class=\"wp-block-columns is-layout-flex wp-container-core-columns-is-layout-28f84493 wp-block-columns-is-layout-flex\">\n<div class=\"wp-block-column is-layout-flow wp-block-column-is-layout-flow\">\n<figure class=\"wp-block-image size-large is-resized has-custom-border\"><img decoding=\"async\" src=\"https:\/\/aesthe.com\/wp-content\/uploads\/seance-automassage.png\" alt=\"\" style=\"border-radius:6px;width:463px;height:auto\"\/><\/figure>\n<\/div>\n<\/div>\n<\/div>\n\n\n\n<div class=\"wp-block-column is-vertically-aligned-center is-layout-flow wp-block-column-is-layout-flow\">\n<h3 class=\"wp-block-heading\" style=\"padding-bottom:var(--wp--preset--spacing--xx-small);letter-spacing:-0.02em;line-height:1.2\"><strong>Auto-Massages<\/strong><\/h3>\n\n\n\n<p style=\"margin-bottom:var(--wp--preset--spacing--large)\">Prendre soin de soi, par soi. Des gestes simples et cibl\u00e9s pour apaiser les tensions, stimuler la circulation et retrouver un bien-\u00eatre instantan\u00e9. Votre rituel personnel de d\u00e9tente, \u00e0 pratiquer partout, \u00e0 tout moment.<\/p>\n\n\n\n<div class=\"wp-block-buttons is-layout-flex wp-block-buttons-is-layout-flex\">\n<div class=\"wp-block-button p-btn-animation-border-move\"><a class=\"wp-block-button__link wp-element-button\" href=\"#\">Read More<\/a><\/div>\n<\/div>\n<\/div>\n<\/div>\n<\/div>\n","protected":false},"excerpt":{"rendered":"<p>Experience se reconnecter votre corps et votre esprit par massages thais, auto-massages. Massage Tha\u00ef habill\u00e9&hellip;<\/p>\n","protected":false},"author":1,"featured_media":0,"parent":0,"menu_order":0,"comment_status":"closed","ping_status":"closed","template":"","meta":{"footnotes":""},"class_list":["post-7","page","type-page","status-publish","hentry"],"_links":{"self":[{"href":"https:\/\/peliyn.com\/index.php\/wp-json\/wp\/v2\/pages\/7","targetHints":{"allow":["GET"]}}],"collection":[{"href":"https:\/\/peliyn.com\/index.php\/wp-json\/wp\/v2\/pages"}],"about":[{"href":"https:\/\/peliyn.com\/index.php\/wp-json\/wp\/v2\/types\/page"}],"author":[{"embeddable":true,"href":"https:\/\/peliyn.com\/index.php\/wp-json\/wp\/v2\/users\/1"}],"replies":[{"embeddable":true,"href":"https:\/\/peliyn.com\/index.php\/wp-json\/wp\/v2\/comments?post=7"}],"version-history":[{"count":37,"href":"https:\/\/peliyn.com\/index.php\/wp-json\/wp\/v2\/pages\/7\/revisions"}],"predecessor-version":[{"id":156,"href":"https:\/\/peliyn.com\/index.php\/wp-json\/wp\/v2\/pages\/7\/revisions\/156"}],"wp:attachment":[{"href":"https:\/\/peliyn.com\/index.php\/wp-json\/wp\/v2\/media?parent=7"}],"curies":[{"name":"wp","href":"https:\/\/api.w.org\/{rel}","templated":true}]}}